{"id":4148,"date":"2019-06-14T11:07:33","date_gmt":"2019-06-14T09:07:33","guid":{"rendered":"https:\/\/rath.bluro.de\/?page_id=4148"},"modified":"2021-05-19T15:43:07","modified_gmt":"2021-05-19T13:43:07","slug":"spnv","status":"publish","type":"page","link":"https:\/\/www.rath-gruppe.de\/en\/spnv\/","title":{"rendered":"SPNV"},"content":{"rendered":"<div  class=\"tatsu-fqovuj1c5i9pcvua tatsu-section  tatsu-bg-overlay   tatsu-clearfix\" data-title=\"\"  data-headerscheme=\"background--dark\"><div class='tatsu-section-pad clearfix' data-padding='{\"d\":\"150px 0% 150px 0%\"}' data-padding-top='150px'><div class=\"tatsu-row-wrap  tatsu-wrap tatsu-row-one-col tatsu-row-has-one-cols tatsu-medium-gutter tatsu-reg-cols  tatsu-clearfix tatsu-fqovuj1c6g7ijg3i\" ><div  class=\"tatsu-row \" ><div  class=\"tatsu-column  tatsu-column-no-bg tatsu-one-col tatsu-column-image-none tatsu-column-effect-none  tatsu-fqovuj1c6p2jr5iz\"  data-parallax-speed=\"0\" style=\"\"><div class=\"tatsu-column-inner \" ><div class=\"tatsu-column-pad-wrap\"><div class=\"tatsu-column-pad\" ><div  class=\"tatsu-module tatsu-text-block-wrap tatsu-fqovuj1c6vez7ajx  \"><div class=\"tatsu-text-inner tatsu-align-center  clearfix\" ><style>.tatsu-fqovuj1c6vez7ajx.tatsu-text-block-wrap .tatsu-text-inner{text-align: left;}<\/style>\n<h1 style=\"text-align: center\"><span style=\"color: #ffffff\">REGIONAL PASSENGER RAIL TRANSPORT<br \/><\/span><\/h1>\n<\/div><\/div><\/div><\/div><div class = \"tatsu-column-bg-image-wrap\"><div class = \"tatsu-column-bg-image\" ><\/div><\/div><\/div><style>.tatsu-row > .tatsu-fqovuj1c6p2jr5iz.tatsu-column{width: 100%;}.tatsu-fqovuj1c6p2jr5iz.tatsu-column > .tatsu-column-inner > .tatsu-column-overlay{mix-blend-mode: none;}.tatsu-fqovuj1c6p2jr5iz > .tatsu-column-inner > .tatsu-top-divider{z-index: 9999;}.tatsu-fqovuj1c6p2jr5iz > .tatsu-column-inner > .tatsu-bottom-divider{z-index: 9999;}.tatsu-fqovuj1c6p2jr5iz > .tatsu-column-inner > .tatsu-left-divider{z-index: 9999;}.tatsu-fqovuj1c6p2jr5iz > .tatsu-column-inner > .tatsu-right-divider{z-index: 9999;}<\/style><\/div><\/div><\/div><\/div><div class=\"tatsu-section-background-wrap\"><div class = \"tatsu-section-background\" ><\/div><\/div><div class=\"tatsu-overlay tatsu-section-overlay\"><\/div><style>.tatsu-fqovuj1c5i9pcvua .tatsu-section-background{background-image: url(https:\/\/www.rath-gruppe.de\/wp-content\/uploads\/2019\/11\/rath_home_bg.jpg);background-repeat: repeat;background-attachment: scroll;background-position: center center;background-size: cover;}.tatsu-fqovuj1c5i9pcvua .tatsu-bg-blur{background-repeat: repeat;background-attachment: scroll;background-position: center center;background-size: cover;}.tatsu-fqovuj1c5i9pcvua{border-width: 0px 0px px 0px;border-style: solid;}.tatsu-fqovuj1c5i9pcvua .tatsu-section-pad{padding: 150px 0% 150px 0%;}.tatsu-fqovuj1c5i9pcvua > .tatsu-bottom-divider{z-index: 9999;}.tatsu-fqovuj1c5i9pcvua > .tatsu-top-divider{z-index: 9999;}.tatsu-fqovuj1c5i9pcvua .tatsu-section-overlay{background: rgba(0,135,142,0.4);mix-blend-mode: normal;}<\/style><\/div><div id=\"overview\" class=\"tatsu-Sk1T_W2a4 tatsu-section    tatsu-clearfix\" data-title=\"\"  data-headerscheme=\"background--light\"><div class='tatsu-section-pad clearfix' data-padding='{\"d\":\"0px 0% 0px 0%\"}' data-padding-top='0px'><div class=\"tatsu-row-wrap  tatsu-row-full-width tatsu-row-has-one-half tatsu-row-has-two-cols tatsu-zero-margin tatsu-no-gutter tatsu-eq-cols  tatsu-clearfix tatsu-Byg1TdZ3aE\" ><div  class=\"tatsu-row \" ><div  class=\"tatsu-column  tatsu-column-no-bg tatsu-one-half tatsu-column-align-middle tatsu-column-image-none tatsu-column-effect-none  tatsu-r1G1aOWnpE\"  data-parallax-speed=\"0\" style=\"\"><div class=\"tatsu-column-inner \" ><div class=\"tatsu-column-pad-wrap\"><div class=\"tatsu-column-pad\" ><div  class=\"tatsu-module tatsu-text-block-wrap tatsu-fqovuj1cec48b484  \"><div class=\"tatsu-text-inner tatsu-align-center  clearfix\" ><style>.tatsu-fqovuj1cec48b484.tatsu-text-block-wrap .tatsu-text-inner{width: 80%;text-align: left;}<\/style>\n<p style=\"text-align: center\">Our regional passenger railway transport division has become an essential part of RATH Group since the takeover of Rurtalbahn in 2002. Moreover, the division has shown the largest growth in recent years. Thanks to winning further tenders in Odenwald, Rheingau and Erft-Schwalm network between 2005 and 2015, we were able to expand SPNV network.<\/p>\n<p style=\"text-align: center\">In the meantime, RATH Group operates a regional passenger rail transport network of Nordrhein-Westfalen over Rheinland-Pfalz and Hessen up to Baden-W\u00fcrttemberg. We have 68 units of LINT, RS1, ITINO and FLIRT type at our disposal in SPNV. We employ the total of 300 employees in regional passenger rail transport.<\/p>\n<\/div><\/div><\/div><\/div><div class = \"tatsu-column-bg-image-wrap\"><div class = \"tatsu-column-bg-image\" ><\/div><\/div><\/div><style>.tatsu-row > .tatsu-r1G1aOWnpE.tatsu-column{width: 50%;}.tatsu-r1G1aOWnpE.tatsu-column > .tatsu-column-inner > .tatsu-column-pad-wrap > .tatsu-column-pad{padding: 0% 0% 0% 0%;}.tatsu-r1G1aOWnpE.tatsu-column > .tatsu-column-inner > .tatsu-column-overlay{mix-blend-mode: none;}.tatsu-r1G1aOWnpE > .tatsu-column-inner > .tatsu-top-divider{z-index: 9999;}.tatsu-r1G1aOWnpE > .tatsu-column-inner > .tatsu-bottom-divider{z-index: 9999;}.tatsu-r1G1aOWnpE > .tatsu-column-inner > .tatsu-left-divider{z-index: 9999;}.tatsu-r1G1aOWnpE > .tatsu-column-inner > .tatsu-right-divider{z-index: 9999;}@media only screen and (max-width: 767px) {.tatsu-row > .tatsu-r1G1aOWnpE.tatsu-column{width: 100%;}}<\/style><\/div><div  class=\"tatsu-column  tatsu-column-no-bg tatsu-one-half tatsu-column-align-middle tatsu-column-image-none tatsu-column-effect-none  tatsu-HJZyau-3aV\"  data-parallax-speed=\"0\" style=\"\"><div class=\"tatsu-column-inner \" ><div class=\"tatsu-column-pad-wrap\"><div class=\"tatsu-column-pad\" ><div  class=\"tatsu-single-image tatsu-module align-right tatsu-image-lazyload tatsu-BJToJf3a4  \" ><div class=\"tatsu-single-image-inner \" style=\"width : 963px;\" ><div class = \"tatsu-single-image-padding-wrap\" style = \"padding-bottom : 105.08826583593%;\" ><\/div><img class = \"tatsu-gradient-border\" alt = \"\" title = \"SPNV Infra Gesamt 05-2019-01\" data-src = \"https:\/\/www.rath-gruppe.de\/wp-content\/uploads\/2019\/05\/SPNV-Infra-Gesamt-05-2019-01.png\" src =\"data:image\/png;base64,iVBORw0KGgoAAAANSUhEUgAAAAEAAAABCAQAAAC1HAwCAAAAC0lEQVR42mNkYAAAAAYAAjCB0C8AAAAASUVORK5CYII=\"  \/><\/div><style>.tatsu-BJToJf3a4 .tatsu-single-image-inner{border-style: solid;max-width: 100%;}.tatsu-BJToJf3a4.tatsu-single-image{transform: translate3d(0px,0px, 0);}<\/style><\/div><\/div><\/div><div class = \"tatsu-column-bg-image-wrap\"><div class = \"tatsu-column-bg-image\" ><\/div><\/div><\/div><style>.tatsu-row > .tatsu-HJZyau-3aV.tatsu-column{width: 50%;}.tatsu-HJZyau-3aV.tatsu-column > .tatsu-column-inner > .tatsu-column-pad-wrap > .tatsu-column-pad{padding: 0% 0% 0% 0%;}.tatsu-HJZyau-3aV.tatsu-column > .tatsu-column-inner > .tatsu-column-overlay{mix-blend-mode: none;}.tatsu-HJZyau-3aV > .tatsu-column-inner > .tatsu-top-divider{z-index: 9999;}.tatsu-HJZyau-3aV > .tatsu-column-inner > .tatsu-bottom-divider{z-index: 9999;}.tatsu-HJZyau-3aV > .tatsu-column-inner > .tatsu-left-divider{z-index: 9999;}.tatsu-HJZyau-3aV > .tatsu-column-inner > .tatsu-right-divider{z-index: 9999;}@media only screen and (max-width: 767px) {.tatsu-row > .tatsu-HJZyau-3aV.tatsu-column{width: 100%;}}<\/style><\/div><\/div><\/div><\/div><div class=\"tatsu-section-background-wrap\"><div class = \"tatsu-section-background\" ><\/div><\/div><style>.tatsu-Sk1T_W2a4{border-width: 0px 0px px 0px;border-style: solid;}.tatsu-Sk1T_W2a4 .tatsu-section-pad{padding: 0px 0% 0px 0%;}.tatsu-Sk1T_W2a4 > .tatsu-bottom-divider{z-index: 9999;}.tatsu-Sk1T_W2a4 > .tatsu-top-divider{z-index: 9999;}<\/style><\/div><div id=\"rtb\" class=\"tatsu-Hkb_eEM3aN tatsu-section  tatsu-bg-overlay   tatsu-clearfix\" data-title=\"\"  data-headerscheme=\"background--dark\"><div class='tatsu-section-pad clearfix' data-padding='{\"d\":\"120px 0px 30px 0px\"}' data-padding-top='120px'><div class=\"tatsu-row-wrap  tatsu-wrap tatsu-row-one-col tatsu-row-has-one-cols tatsu-medium-gutter tatsu-reg-cols  tatsu-clearfix tatsu-rye_xNf2TN\" ><div  class=\"tatsu-row \" ><div  class=\"tatsu-column  tatsu-bg-overlay tatsu-one-col tatsu-column-image-none tatsu-column-effect-none  tatsu-rydgNG3aN\"  data-parallax-speed=\"0\" style=\"\"><div class=\"tatsu-column-inner \" ><div class=\"tatsu-column-pad-wrap\"><div class=\"tatsu-column-pad\" ><div  class=\"tatsu-single-image tatsu-module align-center tatsu-image-lazyload tatsu-BJsgNfhpN  \" ><div class=\"tatsu-single-image-inner \" style=\"width : 4436px;\" ><div class = \"tatsu-single-image-padding-wrap\" style = \"padding-bottom : 25.991884580703%;\" ><\/div><a href = \"https:\/\/www.rurtalbahn.de\/\" target = \"_blank\" ><img class = \"tatsu-gradient-border\" alt = \"\" title = \"Rurtalbahn GmbH\" data-src = \"https:\/\/www.rath-gruppe.de\/wp-content\/uploads\/2019\/05\/002_LOGO_1_RTB-RGB.jpg\" src =\"data:image\/png;base64,iVBORw0KGgoAAAANSUhEUgAAAAEAAAABCAQAAAC1HAwCAAAAC0lEQVR42mNkYAAAAAYAAjCB0C8AAAAASUVORK5CYII=\"  \/><\/a><\/div><style>.tatsu-BJsgNfhpN .tatsu-single-image-inner{border-style: solid;max-width: 30%;}.tatsu-BJsgNfhpN.tatsu-single-image{transform: translate3d(0px,0px, 0);}<\/style><\/div><\/div><\/div><div class = \"tatsu-column-bg-image-wrap\"><div class = \"tatsu-column-bg-image\" ><\/div><\/div><div class=\"tatsu-overlay tatsu-column-overlay tatsu-animate-none\" ><\/div><\/div><style>.tatsu-row > .tatsu-rydgNG3aN.tatsu-column{width: 100%;}.tatsu-rydgNG3aN.tatsu-column > .tatsu-column-inner > .tatsu-column-overlay{mix-blend-mode: normal;}.tatsu-rydgNG3aN > .tatsu-column-inner > .tatsu-top-divider{z-index: 9999;}.tatsu-rydgNG3aN > .tatsu-column-inner > .tatsu-bottom-divider{z-index: 9999;}.tatsu-rydgNG3aN > .tatsu-column-inner > .tatsu-left-divider{z-index: 9999;}.tatsu-rydgNG3aN > .tatsu-column-inner > .tatsu-right-divider{z-index: 9999;}@media only screen and (max-width:1377px) {.tatsu-row > .tatsu-rydgNG3aN.tatsu-column{width: 100%;}}@media only screen and (min-width:768px) and (max-width: 1024px) {.tatsu-row > .tatsu-rydgNG3aN.tatsu-column{width: 100%;}}@media only screen and (max-width: 767px) {.tatsu-row > .tatsu-rydgNG3aN.tatsu-column{width: 100%;}}<\/style><\/div><\/div><\/div><\/div><div class=\"tatsu-section-background-wrap\"><div class = \"tatsu-section-background\" ><\/div><\/div><div class=\"tatsu-overlay tatsu-section-overlay\"><\/div><style>.tatsu-Hkb_eEM3aN{border-color: rgba(29,46,125,1); }.tatsu-Hkb_eEM3aN .tatsu-section-pad{padding: 120px 0px 30px 0px;}.tatsu-Hkb_eEM3aN .tatsu-section-offset-wrap{transform: translateY(-0px);}.tatsu-Hkb_eEM3aN > .tatsu-bottom-divider{z-index: 9999;}.tatsu-Hkb_eEM3aN > .tatsu-top-divider{z-index: 9999;}.tatsu-Hkb_eEM3aN .tatsu-section-overlay{mix-blend-mode: normal;}<\/style><\/div><div  class=\"tatsu-SkZ1ijbhaV tatsu-section  tatsu-bg-overlay   tatsu-clearfix\" data-title=\"\"  data-headerscheme=\"background--dark\"><div class='tatsu-section-pad clearfix' data-padding='{\"d\":\"20px 0px 90px 0px\"}' data-padding-top='20px'><div class=\"tatsu-row-wrap  tatsu-wrap tatsu-row-has-one-half tatsu-row-has-two-cols tatsu-medium-gutter tatsu-eq-cols  tatsu-clearfix tatsu-rJlkooW2aN\" ><div  class=\"tatsu-row \" ><div  class=\"tatsu-column  tatsu-bg-overlay tatsu-one-half tatsu-column-image-none tatsu-column-effect-none  tatsu-SkZAjZ3aE\"  data-parallax-speed=\"0\" style=\"\"><div class=\"tatsu-column-inner \" ><div class=\"tatsu-column-pad-wrap\"><div class=\"tatsu-column-pad\" ><div  class=\"tatsu-module tatsu-text-block-wrap tatsu-B1LN0b2aV  \"><div class=\"tatsu-text-inner tatsu-align-center  clearfix\" ><style>.tatsu-B1LN0b2aV.tatsu-text-block-wrap .tatsu-text-inner{width: 100%;text-align: left;}<\/style>\n<p style=\"text-align: center\">Rurtalbahn has been in RATH Group since 2002. It runs from D\u00fcren over the entire district of D\u00fcren along the Rur. With the total of 29 stops of which only 7 are located within the urban area of D\u00fcren, an exhaustive network of stops spans over the entire district. In the northern direction, Rurtalbahn operates the route section from D\u00fcren to Linnich. The southern area of the district is operated from D\u00fcren up to Heimbach. The route is operated by units of Lint and RS1 type.<\/p>\n<p style=\"text-align: center\">At D\u00fcren train station, you can change to Deutsche Bahn lines in the direction of Aachen and K\u00f6ln. You can make a timely change between the lines which connect with one another at D\u00fcren train station. Further, Rurtalbahn is linked to the regional bus lines of D\u00fcren circular routes according to time and location. Moreover, in J\u00fclich area you can use the call accumulative taxi (AST) system. Further, Rurtal railway operates RB28 line of B\u00f6rde railway from D\u00fcren up to Euskirchen on weekdays and public holidays.<\/p>\n<\/div><\/div><\/div><\/div><div class = \"tatsu-column-bg-image-wrap\"><div class = \"tatsu-column-bg-image\" ><\/div><\/div><div class=\"tatsu-overlay tatsu-column-overlay tatsu-animate-none\" ><\/div><\/div><style>.tatsu-row > .tatsu-SkZAjZ3aE.tatsu-column{width: 50%;}.tatsu-SkZAjZ3aE.tatsu-column > .tatsu-column-inner > .tatsu-column-overlay{mix-blend-mode: normal;}.tatsu-SkZAjZ3aE > .tatsu-column-inner > .tatsu-top-divider{z-index: 9999;}.tatsu-SkZAjZ3aE > .tatsu-column-inner > .tatsu-bottom-divider{z-index: 9999;}.tatsu-SkZAjZ3aE > .tatsu-column-inner > .tatsu-left-divider{z-index: 9999;}.tatsu-SkZAjZ3aE > .tatsu-column-inner > .tatsu-right-divider{z-index: 9999;}@media only screen and (max-width:1377px) {.tatsu-row > .tatsu-SkZAjZ3aE.tatsu-column{width: 50%;}}@media only screen and (min-width:768px) and (max-width: 1024px) {.tatsu-row > .tatsu-SkZAjZ3aE.tatsu-column{width: 50%;}}@media only screen and (max-width: 767px) {.tatsu-row > .tatsu-SkZAjZ3aE.tatsu-column{width: 100%;}}<\/style><\/div><div  class=\"tatsu-column  tatsu-bg-overlay tatsu-one-half tatsu-column-align-middle tatsu-column-image-none tatsu-column-effect-none  tatsu-HkeZ0ibnTV\"  data-parallax-speed=\"0\" style=\"\"><div class=\"tatsu-column-inner \" ><div class=\"tatsu-column-pad-wrap\"><div class=\"tatsu-column-pad\" ><div  class=\"tatsu-single-image tatsu-module align-center tatsu-image-lazyload tatsu-r1oz0WnaE  \" ><div class=\"tatsu-single-image-inner \" style=\"width : 1920px;\" ><div class = \"tatsu-single-image-padding-wrap\" style = \"padding-bottom : 66.770833333333%;\" ><\/div><img class = \"tatsu-gradient-border\" alt = \"\" title = \"rath_home_bg\" data-src = \"https:\/\/www.rath-gruppe.de\/wp-content\/uploads\/2019\/11\/rath_home_bg.jpg\" src =\"data:image\/png;base64,iVBORw0KGgoAAAANSUhEUgAAAAEAAAABCAQAAAC1HAwCAAAAC0lEQVR42mNkYAAAAAYAAjCB0C8AAAAASUVORK5CYII=\"  \/><\/div><style>.tatsu-r1oz0WnaE .tatsu-single-image-inner{border-style: solid;max-width: 100%;}.tatsu-r1oz0WnaE.tatsu-single-image{transform: translate3d(0px,0px, 0);}<\/style><\/div><\/div><\/div><div class = \"tatsu-column-bg-image-wrap\"><div class = \"tatsu-column-bg-image\" ><\/div><\/div><div class=\"tatsu-overlay tatsu-column-overlay tatsu-animate-none\" ><\/div><\/div><style>.tatsu-row > .tatsu-HkeZ0ibnTV.tatsu-column{width: 50%;}.tatsu-HkeZ0ibnTV.tatsu-column > .tatsu-column-inner > .tatsu-column-overlay{mix-blend-mode: normal;}.tatsu-HkeZ0ibnTV > .tatsu-column-inner > .tatsu-top-divider{z-index: 9999;}.tatsu-HkeZ0ibnTV > .tatsu-column-inner > .tatsu-bottom-divider{z-index: 9999;}.tatsu-HkeZ0ibnTV > .tatsu-column-inner > .tatsu-left-divider{z-index: 9999;}.tatsu-HkeZ0ibnTV > .tatsu-column-inner > .tatsu-right-divider{z-index: 9999;}@media only screen and (max-width:1377px) {.tatsu-row > .tatsu-HkeZ0ibnTV.tatsu-column{width: 50%;}}@media only screen and (min-width:768px) and (max-width: 1024px) {.tatsu-row > .tatsu-HkeZ0ibnTV.tatsu-column{width: 50%;}}@media only screen and (max-width: 767px) {.tatsu-row > .tatsu-HkeZ0ibnTV.tatsu-column{width: 100%;}}<\/style><\/div><\/div><\/div><\/div><div class=\"tatsu-section-background-wrap\"><div class = \"tatsu-section-background\" ><\/div><\/div><div class=\"tatsu-overlay tatsu-section-overlay\"><\/div><style>.tatsu-SkZ1ijbhaV .tatsu-section-pad{padding: 20px 0px 90px 0px;}.tatsu-SkZ1ijbhaV .tatsu-section-offset-wrap{transform: translateY(-0px);}.tatsu-SkZ1ijbhaV > .tatsu-bottom-divider{z-index: 9999;}.tatsu-SkZ1ijbhaV > .tatsu-top-divider{z-index: 9999;}.tatsu-SkZ1ijbhaV .tatsu-section-overlay{mix-blend-mode: normal;}<\/style><\/div><div id=\"vias\" class=\"tatsu-SkjuA-n64 tatsu-section  tatsu-bg-overlay   tatsu-clearfix\" data-title=\"\"  data-headerscheme=\"background--dark\"><div class='tatsu-section-pad clearfix' data-padding='{\"d\":\"92px 0px 90px 0px\"}' data-padding-top='92px'><div class=\"tatsu-row-wrap  tatsu-wrap tatsu-row-one-col tatsu-row-has-one-cols tatsu-medium-gutter tatsu-reg-cols  tatsu-clearfix tatsu-HJxjdA-haV\" ><div  class=\"tatsu-row \" ><div  class=\"tatsu-column  tatsu-bg-overlay tatsu-one-col tatsu-column-image-none tatsu-column-effect-none  tatsu-HJQ30W2aV\"  data-parallax-speed=\"0\" style=\"\"><div class=\"tatsu-column-inner \" ><div class=\"tatsu-column-pad-wrap\"><div class=\"tatsu-column-pad\" ><div  class=\"tatsu-single-image tatsu-module align-center tatsu-image-lazyload tatsu-ryOs8I0aN  \" ><div class=\"tatsu-single-image-inner \" style=\"width : 1361px;\" ><div class = \"tatsu-single-image-padding-wrap\" style = \"padding-bottom : 44.379132990448%;\" ><\/div><a href = \"http:\/\/www.vias-online.de\" target = \"_blank\" ><img class = \"tatsu-gradient-border\" alt = \"\" title = \"VIAS GmbH\" data-src = \"https:\/\/www.rath-gruppe.de\/wp-content\/uploads\/2019\/05\/002_LOGO_Vias-RGB_png.png\" src =\"data:image\/png;base64,iVBORw0KGgoAAAANSUhEUgAAAAEAAAABCAQAAAC1HAwCAAAAC0lEQVR42mNkYAAAAAYAAjCB0C8AAAAASUVORK5CYII=\"  \/><\/a><\/div><style>.tatsu-ryOs8I0aN .tatsu-single-image-inner{border-style: solid;max-width: 30%;}.tatsu-ryOs8I0aN.tatsu-single-image{transform: translate3d(0px,0px, 0);}<\/style><\/div><div  class=\"tatsu-module tatsu-text-block-wrap tatsu-rJwhCWnpV  \"><div class=\"tatsu-text-inner tatsu-align-center  clearfix\" ><style>.tatsu-rJwhCWnpV.tatsu-text-block-wrap .tatsu-text-inner{width: 100%;text-align: left;}<\/style>\n<p><span style=\"color: #ffffff\"><form autocomplete=\"off\" name=\"wpv-filter-3949\" action=\"\/en\/wp-json\/wp\/v2\/pages\/4148?wpv_view_count=3949\" method=\"get\" class=\"wpv-filter-form js-wpv-filter-form js-wpv-filter-form-3949 js-wpv-form-full\" data-viewnumber=\"3949\" data-viewid=\"3949\" data-viewhash=\"eyJuYW1lIjoic3Budi1zbGlkZXItdmlhcyIsImNhY2hlZCI6Im9mZiJ9\" data-viewwidgetid=\"0\" data-orderby=\"\" data-order=\"\" data-orderbyas=\"\" data-orderbysecond=\"\" data-ordersecond=\"\" data-parametric=\"{&quot;query&quot;:&quot;normal&quot;,&quot;id&quot;:3949,&quot;view_id&quot;:3949,&quot;widget_id&quot;:0,&quot;view_hash&quot;:&quot;3949&quot;,&quot;action&quot;:&quot;\\\/en\\\/wp-json\\\/wp\\\/v2\\\/pages\\\/4148?wpv_view_count=3949&quot;,&quot;sort&quot;:{&quot;orderby&quot;:&quot;&quot;,&quot;order&quot;:&quot;&quot;,&quot;orderby_as&quot;:&quot;&quot;,&quot;orderby_second&quot;:&quot;&quot;,&quot;order_second&quot;:&quot;&quot;},&quot;orderby&quot;:&quot;&quot;,&quot;order&quot;:&quot;&quot;,&quot;orderby_as&quot;:&quot;&quot;,&quot;orderby_second&quot;:&quot;&quot;,&quot;order_second&quot;:&quot;&quot;,&quot;ajax_form&quot;:&quot;&quot;,&quot;ajax_results&quot;:&quot;&quot;,&quot;effect&quot;:&quot;fade&quot;,&quot;prebefore&quot;:&quot;&quot;,&quot;before&quot;:&quot;&quot;,&quot;after&quot;:&quot;&quot;,&quot;attributes&quot;:{&quot;cached&quot;:&quot;off&quot;},&quot;environment&quot;:{&quot;current_post_id&quot;:4148,&quot;parent_post_id&quot;:4148,&quot;parent_term_id&quot;:0,&quot;parent_user_id&quot;:0,&quot;archive&quot;:{&quot;type&quot;:&quot;&quot;,&quot;name&quot;:&quot;&quot;,&quot;data&quot;:[]}},&quot;loop&quot;:{&quot;type&quot;:&quot;&quot;,&quot;name&quot;:&quot;&quot;,&quot;data&quot;:[],&quot;id&quot;:0}}\" data-attributes=\"{&quot;cached&quot;:&quot;off&quot;}\" data-environment=\"{&quot;current_post_id&quot;:4148,&quot;parent_post_id&quot;:4148,&quot;parent_term_id&quot;:0,&quot;parent_user_id&quot;:0,&quot;archive&quot;:{&quot;type&quot;:&quot;&quot;,&quot;name&quot;:&quot;&quot;,&quot;data&quot;:[]}}\"><input type=\"hidden\" class=\"js-wpv-dps-filter-data js-wpv-filter-data-for-this-form\" data-action=\"\/en\/wp-json\/wp\/v2\/pages\/4148?wpv_view_count=3949\" data-page=\"1\" data-ajax=\"disable\" data-effect=\"fade\" data-maxpages=\"4\" data-ajaxprebefore=\"\" data-ajaxbefore=\"\" data-ajaxafter=\"\" \/><input class=\"wpv_view_count wpv_view_count-3949\" type=\"hidden\" name=\"wpv_view_count\" value=\"3949\" \/>\n\n\n<div class=\"ts-slider-pagination-container\">\n    <a class=\"wpv-filter-previous-link js-wpv-pagination-previous-link page-link \"\n\t\t\t\t\t href=\"\/en\/wp-json\/wp\/v2\/pages\/4148?wpv_view_count=3949&#038;wpv_paged=4\" data-viewnumber=\"3949\" data-page=\"4\"\n\t\t\t\t>\n        <span class=\"ts-slider-pagination previous\">&gt;<\/span>\n    <\/a>\n    <a class=\"wpv-filter-next-link js-wpv-pagination-next-link page-link \"  href=\"\/en\/wp-json\/wp\/v2\/pages\/4148?wpv_view_count=3949&#038;wpv_paged=2\"\n\t\t\t\t\tdata-viewnumber=\"3949\" data-page=\"2\">\n        <span class=\"ts-slider-pagination next\">&lt;<\/span>\n    <\/a>\n<\/div>\n\n<\/form>  \n<div id=\"wpv-view-layout-3949\" class=\"js-wpv-view-layout js-wpv-layout-responsive js-wpv-view-layout-3949 wpv-pagination js-wpv-layout-has-pagination wpv-pagination-preload-images js-wpv-layout-preload-images wpv-pagination-preload-pages js-wpv-layout-preload-pages\" style=\"visibility:hidden;\" data-viewnumber=\"3949\" data-pagination=\"{&quot;id&quot;:3949,&quot;query&quot;:&quot;normal&quot;,&quot;type&quot;:&quot;rollover&quot;,&quot;effect&quot;:&quot;slideleft&quot;,&quot;duration&quot;:200,&quot;speed&quot;:19,&quot;pause_on_hover&quot;:&quot;disabled&quot;,&quot;stop_rollover&quot;:&quot;true&quot;,&quot;cache_pages&quot;:&quot;enabled&quot;,&quot;preload_images&quot;:&quot;enabled&quot;,&quot;preload_pages&quot;:&quot;enabled&quot;,&quot;preload_reach&quot;:1,&quot;spinner&quot;:&quot;builtin&quot;,&quot;spinner_image&quot;:&quot;&quot;,&quot;callback_next&quot;:&quot;&quot;,&quot;manage_history&quot;:&quot;enabled&quot;,&quot;has_controls_in_form&quot;:&quot;enabled&quot;,&quot;infinite_tolerance&quot;:0,&quot;max_pages&quot;:4,&quot;page&quot;:1,&quot;base_permalink&quot;:&quot;\/en\/wp-json\/wp\/v2\/pages\/4148?wpv_view_count=3949&amp;wpv_paged=WPV_PAGE_NUM&quot;,&quot;loop&quot;:{&quot;type&quot;:&quot;&quot;,&quot;name&quot;:&quot;&quot;,&quot;data&quot;:[],&quot;id&quot;:0}}\" data-permalink=\"\/en\/wp-json\/wp\/v2\/pages\/4148?wpv_view_count=3949\">\n\n\t\n\t\n\t<div class=\"wpv-loop js-wpv-loop\">\n\t\n\t\t\n\t\t<div class=\"row\">\n\t\t\t<div class=\"col-sm-12\"><div class=\"col-sm-7\">\n  <img loading=\"lazy\" decoding=\"async\" width=\"1024\" height=\"683\" src=\"https:\/\/www.rath-gruppe.de\/wp-content\/uploads\/2019\/05\/Foto_VIAS_Allgemein-1024x683.jpg\" class=\"attachment-large size-large img-responsive sliderimg wp-post-image\" alt=\"\" srcset=\"https:\/\/www.rath-gruppe.de\/wp-content\/uploads\/2019\/05\/Foto_VIAS_Allgemein-1024x683.jpg 1024w, https:\/\/www.rath-gruppe.de\/wp-content\/uploads\/2019\/05\/Foto_VIAS_Allgemein-300x200.jpg 300w, https:\/\/www.rath-gruppe.de\/wp-content\/uploads\/2019\/05\/Foto_VIAS_Allgemein-768x513.jpg 768w, https:\/\/www.rath-gruppe.de\/wp-content\/uploads\/2019\/05\/Foto_VIAS_Allgemein-75x50.jpg 75w, https:\/\/www.rath-gruppe.de\/wp-content\/uploads\/2019\/05\/Foto_VIAS_Allgemein-650x434.jpg 650w, https:\/\/www.rath-gruppe.de\/wp-content\/uploads\/2019\/05\/Foto_VIAS_Allgemein-1000x667.jpg 1000w, https:\/\/www.rath-gruppe.de\/wp-content\/uploads\/2019\/05\/Foto_VIAS_Allgemein-50x33.jpg 50w\" sizes=\"(max-width: 1024px) 100vw, 1024px\" \/>\n<\/div>\n<div class=\"col-sm-5 slidervalign\">\n  <span style=\"color: #898989;\">\n<p>When the timetable was changed in December 2017, VIAS GmbH took over the operation of Erft-Schwalm network (ESN) for 12 years. Hereby, VIAS prevailed in a European-scale tender Nahverkehr Rheinland (NVR) and Verkehrsverbund Rhein-Ruhr (VRR) authority against other competitors. Annually, the service provided covers approximately 850,000 train-km of RB34 and RB39 lines between D\u00fcsseldorf, Neuss and Bedburg, as well as between M\u00f6nchengladbach and Dahlem. The services are performed by modern LINT41 units by manufacturer Alstom. The modern barrier-free units offer 120 seats and spacious toilet, as well as bicycle stands in a multifunctional area, AC facilities and power sockets  <\/p>\n<\/span>\n<\/div><\/div>\n\t\t\n\t\t\t<div class=\"col-sm-12\"><\/div>\n\t\t<\/div>\n\t\n\t<\/div>\n\t\n\t\n\t\n<\/div>\n<\/span><\/p>\n<\/div><\/div><\/div><\/div><div class = \"tatsu-column-bg-image-wrap\"><div class = \"tatsu-column-bg-image\" ><\/div><\/div><div class=\"tatsu-overlay tatsu-column-overlay tatsu-animate-none\" ><\/div><\/div><style>.tatsu-row > .tatsu-HJQ30W2aV.tatsu-column{width: 100%;}.tatsu-HJQ30W2aV.tatsu-column > .tatsu-column-inner > .tatsu-column-overlay{mix-blend-mode: normal;}.tatsu-HJQ30W2aV > .tatsu-column-inner > .tatsu-top-divider{z-index: 9999;}.tatsu-HJQ30W2aV > .tatsu-column-inner > .tatsu-bottom-divider{z-index: 9999;}.tatsu-HJQ30W2aV > .tatsu-column-inner > .tatsu-left-divider{z-index: 9999;}.tatsu-HJQ30W2aV > .tatsu-column-inner > .tatsu-right-divider{z-index: 9999;}@media only screen and (max-width:1377px) {.tatsu-row > .tatsu-HJQ30W2aV.tatsu-column{width: 100%;}}@media only screen and (min-width:768px) and (max-width: 1024px) {.tatsu-row > .tatsu-HJQ30W2aV.tatsu-column{width: 100%;}}@media only screen and (max-width: 767px) {.tatsu-row > .tatsu-HJQ30W2aV.tatsu-column{width: 100%;}}<\/style><\/div><\/div><\/div><\/div><div class=\"tatsu-section-background-wrap\"><div class = \"tatsu-section-background\" ><\/div><\/div><div class=\"tatsu-overlay tatsu-section-overlay\"><\/div><style>.tatsu-SkjuA-n64.tatsu-section{background-color: #fafbfd;}.tatsu-SkjuA-n64 .tatsu-section-pad{padding: 92px 0px 90px 0px;}.tatsu-SkjuA-n64 .tatsu-section-offset-wrap{transform: translateY(-0px);}.tatsu-SkjuA-n64 > .tatsu-bottom-divider{z-index: 9999;}.tatsu-SkjuA-n64 > .tatsu-top-divider{z-index: 9999;}.tatsu-SkjuA-n64 .tatsu-section-overlay{mix-blend-mode: normal;}<\/style><\/div>\n","protected":false},"excerpt":{"rendered":"<p><a href=\"https:\/\/www.rath-gruppe.de\/en\/spnv\/\" class=\"more-link style2-button\">Read More<\/a><\/p>","protected":false},"author":1,"featured_media":0,"parent":0,"menu_order":2,"comment_status":"closed","ping_status":"closed","template":"","meta":{"footnotes":""},"_links":{"self":[{"href":"https:\/\/www.rath-gruppe.de\/en\/wp-json\/wp\/v2\/pages\/4148"}],"collection":[{"href":"https:\/\/www.rath-gruppe.de\/en\/wp-json\/wp\/v2\/pages"}],"about":[{"href":"https:\/\/www.rath-gruppe.de\/en\/wp-json\/wp\/v2\/types\/page"}],"author":[{"embeddable":true,"href":"https:\/\/www.rath-gruppe.de\/en\/wp-json\/wp\/v2\/users\/1"}],"replies":[{"embeddable":true,"href":"https:\/\/www.rath-gruppe.de\/en\/wp-json\/wp\/v2\/comments?post=4148"}],"version-history":[{"count":18,"href":"https:\/\/www.rath-gruppe.de\/en\/wp-json\/wp\/v2\/pages\/4148\/revisions"}],"predecessor-version":[{"id":5517,"href":"https:\/\/www.rath-gruppe.de\/en\/wp-json\/wp\/v2\/pages\/4148\/revisions\/5517"}],"wp:attachment":[{"href":"https:\/\/www.rath-gruppe.de\/en\/wp-json\/wp\/v2\/media?parent=4148"}],"curies":[{"name":"wp","href":"https:\/\/api.w.org\/{rel}","templated":true}]}}