{"id":4551,"date":"2019-09-05T08:27:45","date_gmt":"2019-09-05T06:27:45","guid":{"rendered":"https:\/\/rath.bluro.de\/?page_id=4551"},"modified":"2019-09-05T08:31:09","modified_gmt":"2019-09-05T06:31:09","slug":"datenschutz","status":"publish","type":"page","link":"https:\/\/www.rath-gruppe.de\/en\/startseite\/datenschutz\/","title":{"rendered":"Data protection"},"content":{"rendered":"\n<p>Datenschutzerkl\u00e4rung nach Vorgaben der Datenschutzgrundverordnung (DS-GVO)<\/p>\n\n\n\n<p>Wir, die R.A.T.H. GmbH, freuen uns \u00fcber Ihren Besuch auf unserer Website und \u00fcber die M\u00f6glichkeit, Sie \u00fcber unser Unternehmen, unsere Ziele und Projekte informieren zu k\u00f6nnen.<\/p>\n\n\n\n<p>Dabei ist uns der Schutz Ihrer Privatsph\u00e4re und Ihrer pers\u00f6nlichen Daten sehr wichtig. Aus diesem Grunde behandeln wir personenbezogene Daten grunds\u00e4tzlich vertraulich und entsprechend der gesetzlichen Datenschutzvorschriften sowie dieser Datenschutzerkl\u00e4rung. Wir beschreiben, welche personenbezogenen Daten w\u00e4hrend Ihres Besuches unserer Website erfasst werden, wie wir diese Daten verwenden und welche Beeinflussungsrechte Sie im Hinblick auf diese Daten haben.<\/p>\n\n\n\n<p>Unser Grundsatz ist die Datensparsamkeit, was bedeutet: Pers\u00f6nliche Daten, die nicht unbedingt ben\u00f6tigt werden, erheben wir nicht. Deshalb kann diese Website auch vollkommen anonym genutzt werden.<\/p>\n\n\n\n<p>Name und Anschrift der Verantwortlichen Stelle<\/p>\n\n\n\n<p>R.A.T.H. GmbH<\/p>\n\n\n\n<p>K\u00f6lner Landstra\u00dfe 271&nbsp;<br>52351 D\u00fcren<br>Telefon: 02421 2769 300<br>Mail:&nbsp; &nbsp; info@rath-gruppe.de&nbsp;<br>Website: https:\/www.rath-gruppe.de<\/p>\n\n\n\n<p>Name und Anschrift des Datenschutzbeauftragten:<br>Siegfried Kremer<\/p>\n\n\n\n<p>K\u00f6lner Landstra\u00dfe 271&nbsp;<br>52351 D\u00fcren&nbsp;<br>Telefon:&nbsp;02421 388 9299<br>Mail:&nbsp; &nbsp; datenschutzbeauftragter@rath-gruppe.de<\/p>\n\n\n\n<p><strong>Systeminformationen<\/strong><\/p>\n\n\n\n<p>Beim Aufrufen einer Website werden durch den genutzten Browser automatisch bestimmte Informationen an den Server der betreffenden Website gesendet. Dies sind z.B. die IP-Adresse des jeweiligen benutzten Rechners, Datum und Uhrzeit des Besuchs, Name und URL der abgerufenen Seite oder Datei, die verwendete Browser-Version und das Betriebssystem. Ziel und Zweck f\u00fcr diese Erfassung sind z.B. die Auswertung der Systemressourcen, die Sicherstellung des Verbindungsaufbaus etc. Wir verwenden die Daten in keinem Falle dazu, R\u00fcckschl\u00fcsse auf Ihre Person zu erlangen. Deshalb werden die genannten Daten unmittelbar im Zuge der Erfassung anonymisiert. Weitere Statistik- und Analysetools verwenden wir im Rahmen dieser Website nicht.<\/p>\n\n\n\n<p><strong>Kontaktinformationen<\/strong><\/p>\n\n\n\n<p>Wenn Sie \u00fcber das Kontaktformular mit uns in Kontakt treten, verwenden wir die von Ihnen \u00fcbermittelten personenbezogenen Daten nur f\u00fcr die Bearbeitung Ihrer Anfrage und behandeln dabei selbstverst\u00e4ndlich Ihre Daten vertraulich. Eine Weitergabe Ihrer personenbezogenen Daten an Dritte oder eine Nutzung der erhobenen Daten zu Werbezwecken findet nicht statt. Die Angabe einer g\u00fcltigen Mailadresse ist notwendig, damit wir Ihre Anfrage beantworten k\u00f6nnen. Die erhobenen personenbezogenen Daten werden nach Abschluss der von Ihnen gestellten Anfrage gel\u00f6scht.&nbsp;Wir speichern Ihre Daten also nur so lange, wie sie f\u00fcr die Erf\u00fcllung des Zwecks, zu dem sie erhoben wurden, erforderlich sind oder sofern dies gesetzlich vorgesehen ist.<\/p>\n\n\n\n<p><strong>Datensicherheit &#8211; Verschl\u00fcsselung<\/strong><\/p>\n\n\n\n<p>Unsere Website nutzt aus Sicherheitsgr\u00fcnden und zum Schutz der \u00dcbertragung aller Inhalte und Daten, eine dauerhafte SSL-Verschl\u00fcsselung. Daten, die Sie an uns \u00fcbermitteln, k\u00f6nnen daher nach dem aktuellem Stand der Technik nicht von Dritten mitgelesen oder abgefangen werden. Die Verschl\u00fcsselung erkennen Sie am Schl\u00fcssel- bzw. Schloss-Symbol in der Adresszeile oder Statusleiste. Gleichwohl kann eine internetbasierte Daten\u00fcbertragung Sicherheitsl\u00fccken aufweisen, sodass ein absoluter Schutz nicht gew\u00e4hrleistet werden kann.<\/p>\n\n\n\n<p><strong>Auskunftsrecht, L\u00f6schung, Sperrung<\/strong><\/p>\n\n\n\n<p>Sie k\u00f6nnen von uns jederzeit eine unentgeltliche Auskunft \u00fcber Ihre von uns gespeicherten, personenbezogenen Daten anfordern. Sie sind berechtigt, die Berichtigung, Sperrung oder L\u00f6schung Ihrer personenbezogenen Daten zu verlangen, mit Ausnahme derjenigen personenbezogenen Daten, die f\u00fcr Abrechnungszwecke ben\u00f6tigt werden oder f\u00fcr die es eine gesetzliche Aufbewahrungsfrist gibt.<\/p>\n\n\n\n<p><strong>Aktualisierung und \u00c4nderung dieser Datenschutzerkl\u00e4rung<\/strong><\/p>\n\n\n\n<p>Wir passen diese Datenschutzerkl\u00e4rung an ver\u00e4nderte Funktionalit\u00e4ten (z.B. Weiterentwicklung unserer Website) oder ge\u00e4nderte Rechtslagen an. Daher empfehlen wir, die aktuelle Datenschutzerkl\u00e4rung in regelm\u00e4\u00dfigen Abst\u00e4nden zur Kenntnis zu nehmen.<\/p>\n\n\n\n<p><strong>Twitter<\/strong>&nbsp;(falls implementiert)<br><br>Die Einbindung von Twitter (Inhalte und Funktionen) erfolgt in unserem berichtigen Interesse an der Analyse, Optimierung und wirtschaftlichem Betrieb unseres Onlineangebotes im Sinne des Art. 6 Abs. 1 lit. f. DSGVO. Twitter ist ein Angebot der Twitter Inc., 1355 Market Street, Suite 900, San Francisco, CA 94103, USA.&nbsp;Twitter ist unter dem Privacy-Shield-Abkommen zertifiziert und bietet eine Garantie, das europ\u00e4ische Datenschutzrecht einzuhalten (https:\/\/www.privacyshield.gov\/participant?id=a2zt0000000TORzAAO&amp;status=Active). Die Datenschutzerkl\u00e4rung von Twitter finden Sie unter:&nbsp;<a href=\"https:\/\/twitter.com\/de\/privacy%3C\/a%3E.%20Das%20Opt-Out-Verfahren%20finden%20Sie%20unter%20%3Ca%20href=\" target=\"_blank\" rel=\"noreferrer noopener\">https:\/\/twitter.com\/personalization<\/a>.&nbsp;<br><br>In erster Linie verwenden wir Twitter Inhalte (Bilder, Videos, Texte oder Schaltfl\u00e4chen) zur Kommunikation von Versp\u00e4tungsmeldungen bzw. \u00e4hnlicher Informationen.&nbsp;<br><br><\/p>\n\n\n\n<p>Stand: 24.05.2018<\/p>\n","protected":false},"excerpt":{"rendered":"<p>Datenschutzerkl\u00e4rung nach Vorgaben der Datenschutzgrundverordnung (DS-GVO) Wir, die R.A.T.H. GmbH, freuen uns \u00fcber Ihren Besuch auf unserer Website und \u00fcber die M\u00f6glichkeit, Sie \u00fcber unser Unternehmen, unsere Ziele und Projekte [&hellip;]<\/p>\n<p><a href=\"https:\/\/www.rath-gruppe.de\/en\/startseite\/datenschutz\/\" class=\"more-link style2-button\">Read More<\/a><\/p>","protected":false},"author":1,"featured_media":0,"parent":4130,"menu_order":0,"comment_status":"closed","ping_status":"closed","template":"","meta":{"footnotes":""},"_links":{"self":[{"href":"https:\/\/www.rath-gruppe.de\/en\/wp-json\/wp\/v2\/pages\/4551"}],"collection":[{"href":"https:\/\/www.rath-gruppe.de\/en\/wp-json\/wp\/v2\/pages"}],"about":[{"href":"https:\/\/www.rath-gruppe.de\/en\/wp-json\/wp\/v2\/types\/page"}],"author":[{"embeddable":true,"href":"https:\/\/www.rath-gruppe.de\/en\/wp-json\/wp\/v2\/users\/1"}],"replies":[{"embeddable":true,"href":"https:\/\/www.rath-gruppe.de\/en\/wp-json\/wp\/v2\/comments?post=4551"}],"version-history":[{"count":2,"href":"https:\/\/www.rath-gruppe.de\/en\/wp-json\/wp\/v2\/pages\/4551\/revisions"}],"predecessor-version":[{"id":4557,"href":"https:\/\/www.rath-gruppe.de\/en\/wp-json\/wp\/v2\/pages\/4551\/revisions\/4557"}],"up":[{"embeddable":true,"href":"https:\/\/www.rath-gruppe.de\/en\/wp-json\/wp\/v2\/pages\/4130"}],"wp:attachment":[{"href":"https:\/\/www.rath-gruppe.de\/en\/wp-json\/wp\/v2\/media?parent=4551"}],"curies":[{"name":"wp","href":"https:\/\/api.w.org\/{rel}","templated":true}]}}